{"id":17,"date":"2016-02-12T08:09:36","date_gmt":"2016-02-12T08:09:36","guid":{"rendered":"http:\/\/demos.famethemes.com\/onepress\/?page_id=17"},"modified":"2021-02-19T09:57:33","modified_gmt":"2021-02-19T12:57:33","slug":"our-history","status":"publish","type":"page","link":"https:\/\/tiaveronica.com.br\/index.php\/our-history\/","title":{"rendered":"Minha Hist\u00f3ria"},"content":{"rendered":"<p>\ud83d\ude8c Servi\u00e7o de Transporte Escolar e Turismo<\/p>\n<p>\ud83d\udccd Regi\u00e3o Oce\u00e2nica de Niter\u00f3i<\/p>\n<p>\u260e\ufe0f (21) 98544-4444<\/p>\n","protected":false},"excerpt":{"rendered":"<p>Nullam ut tempor eros. Donec faucibus, velit et imperdiet aliquam, lacus velit luctus urna, vitae porttitor orci libero id felis.<\/p>\n","protected":false},"author":2,"featured_media":1451,"parent":0,"menu_order":0,"comment_status":"closed","ping_status":"closed","template":"","meta":[],"_links":{"self":[{"href":"https:\/\/tiaveronica.com.br\/index.php\/wp-json\/wp\/v2\/pages\/17"}],"collection":[{"href":"https:\/\/tiaveronica.com.br\/index.php\/wp-json\/wp\/v2\/pages"}],"about":[{"href":"https:\/\/tiaveronica.com.br\/index.php\/wp-json\/wp\/v2\/types\/page"}],"author":[{"embeddable":true,"href":"https:\/\/tiaveronica.com.br\/index.php\/wp-json\/wp\/v2\/users\/2"}],"replies":[{"embeddable":true,"href":"https:\/\/tiaveronica.com.br\/index.php\/wp-json\/wp\/v2\/comments?post=17"}],"version-history":[{"count":1,"href":"https:\/\/tiaveronica.com.br\/index.php\/wp-json\/wp\/v2\/pages\/17\/revisions"}],"predecessor-version":[{"id":1452,"href":"https:\/\/tiaveronica.com.br\/index.php\/wp-json\/wp\/v2\/pages\/17\/revisions\/1452"}],"wp:featuredmedia":[{"embeddable":true,"href":"https:\/\/tiaveronica.com.br\/index.php\/wp-json\/wp\/v2\/media\/1451"}],"wp:attachment":[{"href":"https:\/\/tiaveronica.com.br\/index.php\/wp-json\/wp\/v2\/media?parent=17"}],"curies":[{"name":"wp","href":"https:\/\/api.w.org\/{rel}","templated":true}]}}